{"id":2,"date":"2025-06-05T13:50:05","date_gmt":"2025-06-05T16:50:05","guid":{"rendered":"https:\/\/techstrategist.com.br\/wps\/?page_id=2"},"modified":"2025-12-12T14:19:07","modified_gmt":"2025-12-12T17:19:07","slug":"sample-page","status":"publish","type":"page","link":"https:\/\/techstrategist.com.br\/wps\/sample-page\/","title":{"rendered":"Colaboradores"},"content":{"rendered":"\n<p><\/p>\n\n\n\n<div class=\"wp-block-columns is-layout-flex wp-container-core-columns-is-layout-9d6595d7 wp-block-columns-is-layout-flex\">\n<div class=\"wp-block-column is-layout-flow wp-block-column-is-layout-flow\" style=\"flex-basis:66.66%\">\n<p>Arquiteto de Solu\u00e7\u00f5es com mais de 15 anos de experi\u00eancia em tecnologia da informa\u00e7\u00e3o, especializado em inova\u00e7\u00e3o e transforma\u00e7\u00e3o digital. Como co-fundador e CTO da foxfly IT, lidera o desenvolvimento de solu\u00e7\u00f5es tecnol\u00f3gicas que impulsionam o crescimento empresarial. Sua expertise abrange gest\u00e3o da comunica\u00e7\u00e3o com clientes, experi\u00eancia do usu\u00e1rio, an\u00e1lise de neg\u00f3cios e negocia\u00e7\u00e3o estrat\u00e9gica. Reconhecido por sua capacidade de alinhar tecnologia \u00e0s necessidades de neg\u00f3cio, tem implementado projetos bem-sucedidos que geram resultados mensur\u00e1veis para seus clientes. Al\u00e9m de suas responsabilidades executivas, Jean compartilha conhecimentos sobre tecnologias emergentes, incluindo intelig\u00eancia artificial e vis\u00e3o computacional, contribuindo para o avan\u00e7o do setor&nbsp;tecnol\u00f3gico.<\/p>\n<\/div>\n\n\n\n<div class=\"wp-block-column is-layout-flow wp-block-column-is-layout-flow\" style=\"flex-basis:33.33%\">\n<figure class=\"wp-block-image\"><img decoding=\"async\" src=\"https:\/\/novo.agr.br\/wp-content\/uploads\/2025\/05\/1742902917307.jpg\"  alt=\"1742902917307 Colaboradores\"   title=\"\" \/><\/figure>\n\n\n\n<p class=\"has-text-align-center\"><strong>Jean Simon<\/strong><\/p>\n<\/div>\n<\/div>\n\n\n\n<div class=\"wp-block-columns is-layout-flex wp-container-core-columns-is-layout-9d6595d7 wp-block-columns-is-layout-flex\">\n<div class=\"wp-block-column is-layout-flow wp-block-column-is-layout-flow\" style=\"flex-basis:33.33%\">\n<figure class=\"wp-block-image size-full\"><img  title=\"\" loading=\"lazy\" decoding=\"async\" width=\"584\" height=\"584\" src=\"https:\/\/techstrategist.com.br\/wps\/wp-content\/uploads\/2025\/06\/1675369494732.jpg\"  alt=\"1675369494732 Colaboradores\"  class=\"wp-image-58\" srcset=\"https:\/\/techstrategist.com.br\/wps\/wp-content\/uploads\/2025\/06\/1675369494732.jpg 584w, https:\/\/techstrategist.com.br\/wps\/wp-content\/uploads\/2025\/06\/1675369494732-300x300.jpg 300w, https:\/\/techstrategist.com.br\/wps\/wp-content\/uploads\/2025\/06\/1675369494732-150x150.jpg 150w\" sizes=\"auto, (max-width: 584px) 100vw, 584px\" \/><\/figure>\n\n\n\n<p><strong>Toni Meneses<\/strong><\/p>\n<\/div>\n\n\n\n<div class=\"wp-block-column is-layout-flow wp-block-column-is-layout-flow\" style=\"flex-basis:66.66%\">\n<p>Presidente e CTO da oalai, \u00e9 profissional de tecnologia e consultoria, especializado em&nbsp;<strong>gest\u00e3o de produtos (Product Ownership)<\/strong>, transforma\u00e7\u00e3o digital e solu\u00e7\u00f5es orientadas a dados. Dom\u00ednio em&nbsp;<strong>business intelligence, analytics, IoT, IA, big data e seguran\u00e7a cibern\u00e9tica<\/strong>, com foco em&nbsp;<strong>resolu\u00e7\u00e3o de problemas orientada a resultados<\/strong>&nbsp;e lideran\u00e7a cross-functional.<\/p>\n\n\n\n<p>Atua em cargos executivos em&nbsp;<strong>desenvolvimento de produtos, inova\u00e7\u00e3o e vendas t\u00e9cnicas<\/strong>, alinhando estrat\u00e9gias de neg\u00f3cio e tecnologia com stakeholders C-level. Liderou&nbsp;<strong>ciclos de vida completos de produtos<\/strong>, desde idea\u00e7\u00e3o e pr\u00e9-vendas at\u00e9 p\u00f3s-vendas e alian\u00e7as estrat\u00e9gicas.<\/p>\n\n\n\n<p>Experi\u00eancia internacional no&nbsp;<strong>Brasil, Am\u00e9rica Latina, Europa e EUA<\/strong>, atendendo clientes dos setores&nbsp;<strong>p\u00fablico, financeiro, sa\u00fade, automotivo e energia<\/strong>.<\/p>\n<\/div>\n<\/div>\n\n\n\n<div class=\"wp-block-columns is-layout-flex wp-container-core-columns-is-layout-9d6595d7 wp-block-columns-is-layout-flex\">\n<div class=\"wp-block-column is-layout-flow wp-block-column-is-layout-flow\" style=\"flex-basis:66.66%\">\n<p>Entusiasta da vida, sempre pronto para desafios!! Constantemente em busca de aprendizado e alegria!<br>Mestre em Educa\u00e7\u00e3o Tecnol\u00f3gica, MBA, Engenheiro, Especialista em Marketing e Desenvolvimento de Neg\u00f3cios, Executivo de Opera\u00e7\u00f5es (Plano de Neg\u00f3cios + P&amp;L) Lideran\u00e7a em ambiente de Automa\u00e7\u00e3o Industrial.<br>Certificado MS-900.<br>Negocia\u00e7\u00e3o Comercial, Marketing B2B, Administra\u00e7\u00e3o de Vendas, Sucesso do Cliente, Gest\u00e3o de Equipes, Gest\u00e3o de Projetos, Gest\u00e3o de Neg\u00f3cios e P&amp;L de Unidades de Neg\u00f3cios.<br>Atua com an\u00e1lises operacionais, financeiras e t\u00e9cnicas de processos e projetos complexos, Ind\u00fastria 4.0, Ambiente de Trabalho Digital e Eletrifica\u00e7\u00e3o da Mobilidade, Empreendedor de Ve\u00edculos Aut\u00f4nomos.<br>Consultor de Neg\u00f3cios, Consultor de Estrat\u00e9gia, Professor, Instrutor, Mentor e Coach Profissional.<br>Inser\u00e7\u00e3o efetiva em planejamento estrat\u00e9gico, inova\u00e7\u00e3o, transforma\u00e7\u00e3o digital e administra\u00e7\u00e3o de empresas.<\/p>\n<\/div>\n\n\n\n<div class=\"wp-block-column is-layout-flow wp-block-column-is-layout-flow\" style=\"flex-basis:33.33%\">\n<figure class=\"wp-block-image size-large\"><img loading=\"lazy\" decoding=\"async\" width=\"512\" height=\"512\" src=\"https:\/\/techstrategist.com.br\/wps\/wp-content\/uploads\/2025\/09\/cropped-1728119105957-512x512.jpeg\"  alt=\"cropped-1728119105957-512x512 Colaboradores\"  class=\"wp-image-323\"  title=\"\"  srcset=\"https:\/\/techstrategist.com.br\/wps\/wp-content\/uploads\/2025\/09\/cropped-1728119105957-512x512.jpeg 512w, https:\/\/techstrategist.com.br\/wps\/wp-content\/uploads\/2025\/09\/cropped-1728119105957-300x300.jpeg 300w, https:\/\/techstrategist.com.br\/wps\/wp-content\/uploads\/2025\/09\/cropped-1728119105957-150x150.jpeg 150w, https:\/\/techstrategist.com.br\/wps\/wp-content\/uploads\/2025\/09\/cropped-1728119105957-768x768.jpeg 768w, https:\/\/techstrategist.com.br\/wps\/wp-content\/uploads\/2025\/09\/cropped-1728119105957.jpeg 800w\" sizes=\"auto, (max-width: 512px) 100vw, 512px\" \/><\/figure>\n\n\n\n<p class=\"has-text-align-center\"><strong>Felipe Madeira<\/strong><\/p>\n<\/div>\n<\/div>\n\n\n\n<div class=\"wp-block-columns is-layout-flex wp-container-core-columns-is-layout-9d6595d7 wp-block-columns-is-layout-flex\">\n<div class=\"wp-block-column is-layout-flow wp-block-column-is-layout-flow\" style=\"flex-basis:33.33%\">\n<figure class=\"wp-block-image size-full\"><img  title=\"\" loading=\"lazy\" decoding=\"async\" width=\"608\" height=\"608\" src=\"https:\/\/techstrategist.com.br\/wps\/wp-content\/uploads\/2025\/11\/1650302753682.jpg\"  alt=\"1650302753682 Colaboradores\"  class=\"wp-image-736\" srcset=\"https:\/\/techstrategist.com.br\/wps\/wp-content\/uploads\/2025\/11\/1650302753682.jpg 608w, https:\/\/techstrategist.com.br\/wps\/wp-content\/uploads\/2025\/11\/1650302753682-300x300.jpg 300w, https:\/\/techstrategist.com.br\/wps\/wp-content\/uploads\/2025\/11\/1650302753682-512x512.jpg 512w, https:\/\/techstrategist.com.br\/wps\/wp-content\/uploads\/2025\/11\/1650302753682-150x150.jpg 150w\" sizes=\"auto, (max-width: 608px) 100vw, 608px\" \/><\/figure>\n\n\n\n<p><strong>Jo\u00e3o Roncati<\/strong><\/p>\n\n\n\n<figure class=\"wp-block-image size-full\"><img  title=\"\" loading=\"lazy\" decoding=\"async\" width=\"2560\" height=\"1248\" src=\"https:\/\/techstrategist.com.br\/wps\/wp-content\/uploads\/2025\/11\/Logo-vertical-PS-scaled.png\"  alt=\"Logo-vertical-PS-scaled Colaboradores\"  class=\"wp-image-768\" srcset=\"https:\/\/techstrategist.com.br\/wps\/wp-content\/uploads\/2025\/11\/Logo-vertical-PS-scaled.png 2560w, https:\/\/techstrategist.com.br\/wps\/wp-content\/uploads\/2025\/11\/Logo-vertical-PS-300x146.png 300w, https:\/\/techstrategist.com.br\/wps\/wp-content\/uploads\/2025\/11\/Logo-vertical-PS-512x250.png 512w, https:\/\/techstrategist.com.br\/wps\/wp-content\/uploads\/2025\/11\/Logo-vertical-PS-768x374.png 768w, https:\/\/techstrategist.com.br\/wps\/wp-content\/uploads\/2025\/11\/Logo-vertical-PS-1536x749.png 1536w, https:\/\/techstrategist.com.br\/wps\/wp-content\/uploads\/2025\/11\/Logo-vertical-PS-2048x998.png 2048w\" sizes=\"auto, (max-width: 2560px) 100vw, 2560px\" \/><\/figure>\n<\/div>\n\n\n\n<div class=\"wp-block-column is-layout-flow wp-block-column-is-layout-flow\" style=\"flex-basis:66.66%\">\n<p>CEO da People Strategy, Mestre em Estrat\u00e9gia e Planejamento e Economista pela USP. <\/p>\n\n\n\n<p>MBA Executivo FIA FEA USP.<br>Facilitador, estrategista e l\u00edder em projetos de transforma\u00e7\u00e3o organizacional.<\/p>\n\n\n\n<p>Palestrante e professor em Estrat\u00e9gia, Cultura, Transforma\u00e7\u00e3o e Lideran\u00e7a.<\/p>\n\n\n\n<p>Mentor e Advisor de s\u00eanior l\u00edderes.<\/p>\n\n\n\n<p>Fundador e consultor de a\u00e7\u00f5es sociais para promo\u00e7\u00e3o e desenvolvimento de jovens do ensino p\u00fablico.<\/p>\n<\/div>\n<\/div>\n\n\n\n<div class=\"wp-block-columns is-layout-flex wp-container-core-columns-is-layout-9d6595d7 wp-block-columns-is-layout-flex\">\n<div class=\"wp-block-column is-layout-flow wp-block-column-is-layout-flow\" style=\"flex-basis:66.66%\">\n<p>Fundadora da Projetando Pessoas<br>Matem\u00e1tica \/Inform\u00e1tica \/ Mestrado em Banco de Dados<br>Executiva de TI por 38 anos em grandes empresas<br>Empres\u00e1ria h\u00e1 5 anos<br>Conselheira Consultiva de PMEs e Empresas de Fam\u00edlia<br>Consultora de Gest\u00e3o Empresarial e Governan\u00e7a Corporativa<br>Mentora de Lideran\u00e7as Executivas e Empreendedoras<br>Expert em Forma\u00e7\u00e3o de Lideran\u00e7as e Prepara\u00e7\u00e3o de Sucessores<br>Palestrante\/Educadora em Temas Comportamentais e T\u00e9cnicos<br>Especialista em Cultura Organizacional<br>Mentora de Bem-estar em ambientes de trabalho<br>Facilitadora de Florescimento Humano e Interven\u00e7\u00f5es Positivas<\/p>\n<\/div>\n\n\n\n<div class=\"wp-block-column is-layout-flow wp-block-column-is-layout-flow\" style=\"flex-basis:33.33%\">\n<div class=\"wp-block-columns is-layout-flex wp-container-core-columns-is-layout-9d6595d7 wp-block-columns-is-layout-flex\">\n<div class=\"wp-block-column is-layout-flow wp-block-column-is-layout-flow\">\n<figure class=\"wp-block-image size-large\"><img  title=\"\" loading=\"lazy\" decoding=\"async\" width=\"512\" height=\"512\" src=\"https:\/\/techstrategist.com.br\/wps\/wp-content\/uploads\/2025\/11\/cropped-WhatsApp-Image-2025-11-19-at-10.42.03-512x512.jpeg\"  alt=\"cropped-WhatsApp-Image-2025-11-19-at-10.42.03-512x512 Colaboradores\"  class=\"wp-image-799\" srcset=\"https:\/\/techstrategist.com.br\/wps\/wp-content\/uploads\/2025\/11\/cropped-WhatsApp-Image-2025-11-19-at-10.42.03-512x512.jpeg 512w, https:\/\/techstrategist.com.br\/wps\/wp-content\/uploads\/2025\/11\/cropped-WhatsApp-Image-2025-11-19-at-10.42.03-300x300.jpeg 300w, https:\/\/techstrategist.com.br\/wps\/wp-content\/uploads\/2025\/11\/cropped-WhatsApp-Image-2025-11-19-at-10.42.03-150x150.jpeg 150w, https:\/\/techstrategist.com.br\/wps\/wp-content\/uploads\/2025\/11\/cropped-WhatsApp-Image-2025-11-19-at-10.42.03-768x769.jpeg 768w, https:\/\/techstrategist.com.br\/wps\/wp-content\/uploads\/2025\/11\/cropped-WhatsApp-Image-2025-11-19-at-10.42.03.jpeg 1201w\" sizes=\"auto, (max-width: 512px) 100vw, 512px\" \/><\/figure>\n\n\n\n<hr class=\"wp-block-separator has-alpha-channel-opacity\"\/>\n\n\n\n<p><strong>Sandra Portugal<\/strong><\/p>\n\n\n\n<figure class=\"wp-block-image size-large\"><a href=\"https:\/\/www.linkedin.com\/company\/projetando-pessoas\" target=\"_blank\" rel=\" noreferrer noopener\"><img  title=\"\" loading=\"lazy\" decoding=\"async\" width=\"640\" height=\"360\" src=\"https:\/\/techstrategist.com.br\/wps\/wp-content\/uploads\/2025\/12\/WhatsApp-Image-2025-11-19-at-10.43.17-edited.jpeg\"  alt=\"WhatsApp-Image-2025-11-19-at-10.43.17-edited Colaboradores\"  class=\"wp-image-854\" srcset=\"https:\/\/techstrategist.com.br\/wps\/wp-content\/uploads\/2025\/12\/WhatsApp-Image-2025-11-19-at-10.43.17-edited.jpeg 640w, https:\/\/techstrategist.com.br\/wps\/wp-content\/uploads\/2025\/12\/WhatsApp-Image-2025-11-19-at-10.43.17-edited-300x169.jpeg 300w, https:\/\/techstrategist.com.br\/wps\/wp-content\/uploads\/2025\/12\/WhatsApp-Image-2025-11-19-at-10.43.17-edited-512x288.jpeg 512w\" sizes=\"auto, (max-width: 640px) 100vw, 640px\" \/><\/a><\/figure>\n<\/div>\n<\/div>\n<\/div>\n<\/div>\n\n\n\n<p><\/p>\n","protected":false},"excerpt":{"rendered":"<p>Arquiteto de Solu\u00e7\u00f5es com mais de 15 anos de experi\u00eancia em tecnologia da informa\u00e7\u00e3o, especializado em inova\u00e7\u00e3o e transforma\u00e7\u00e3o digital. Como co-fundador e CTO da foxfly IT, lidera o desenvolvimento de solu\u00e7\u00f5es tecnol\u00f3gicas que impulsionam o crescimento empresarial. Sua expertise abrange gest\u00e3o da comunica\u00e7\u00e3o com clientes, experi\u00eancia do usu\u00e1rio, an\u00e1lise de neg\u00f3cios e negocia\u00e7\u00e3o estrat\u00e9gica. [&hellip;]<\/p>\n","protected":false},"author":1,"featured_media":0,"parent":0,"menu_order":0,"comment_status":"closed","ping_status":"open","template":"","meta":{"footnotes":""},"class_list":["post-2","page","type-page","status-publish","hentry"],"_links":{"self":[{"href":"https:\/\/techstrategist.com.br\/wps\/wp-json\/wp\/v2\/pages\/2","targetHints":{"allow":["GET"]}}],"collection":[{"href":"https:\/\/techstrategist.com.br\/wps\/wp-json\/wp\/v2\/pages"}],"about":[{"href":"https:\/\/techstrategist.com.br\/wps\/wp-json\/wp\/v2\/types\/page"}],"author":[{"embeddable":true,"href":"https:\/\/techstrategist.com.br\/wps\/wp-json\/wp\/v2\/users\/1"}],"replies":[{"embeddable":true,"href":"https:\/\/techstrategist.com.br\/wps\/wp-json\/wp\/v2\/comments?post=2"}],"version-history":[{"count":8,"href":"https:\/\/techstrategist.com.br\/wps\/wp-json\/wp\/v2\/pages\/2\/revisions"}],"predecessor-version":[{"id":855,"href":"https:\/\/techstrategist.com.br\/wps\/wp-json\/wp\/v2\/pages\/2\/revisions\/855"}],"wp:attachment":[{"href":"https:\/\/techstrategist.com.br\/wps\/wp-json\/wp\/v2\/media?parent=2"}],"curies":[{"name":"wp","href":"https:\/\/api.w.org\/{rel}","templated":true}]}}